{"id":72,"date":"2017-03-11T19:05:25","date_gmt":"2017-03-11T19:05:25","guid":{"rendered":"http:\/\/josef-wolff.de\/?page_id=72"},"modified":"2024-01-22T11:10:23","modified_gmt":"2024-01-22T11:10:23","slug":"predigt-dienst","status":"publish","type":"page","link":"https:\/\/josef-wolff.de\/?page_id=72","title":{"rendered":"Predigt-Dienst"},"content":{"rendered":"<ul>\n<li><a href=\"https:\/\/josef-wolff.de\/wp-content\/uploads\/2024\/01\/2024-01-21_Kommt-her_Mk1.mp3\">&#8222;Kommt her, mir nach!&#8220;<\/a> zu Mk 1, 21.1.<\/li>\n<li>\n<p class=\"entry-title\"><a href=\"https:\/\/josef-wolff.de\/?p=381\">Drej K\u00f6nije \u2013 Pr\u00e4dich op platt bej de KG Maibl\u00f6mche<\/a>, 7.1.24<\/p>\n<\/li>\n<li><strong><a href=\"https:\/\/josef-wolff.de\/wp-content\/uploads\/2017\/03\/2017-03-11_19_12_26-Gen12.mp3\" target=\"_blank\" rel=\"noopener\">Predigt zum 2. Fasten-Sonntag (A)<\/a> <\/strong>zu Gen 12 \/ Mt 17 &#8211; &#8222;Zieh weg!&#8220; &#8211; &#8222;Wir haben doch alles!?&#8220;<br \/>(<a href=\"https:\/\/josef-wolff.de\/wp-content\/uploads\/2017\/03\/Gen3-Mt-17-Zieh-weg-2-FastSo-A.doc\" target=\"_blank\" rel=\"noopener\">Stichwort-Zettel<\/a>)<\/li>\n<li><strong><a href=\"https:\/\/josef-wolff.de\/wp-content\/uploads\/2017\/03\/2017-03-19_11_08_34_Hl-Josef.mp3\">Predigt am 19. M\u00e4rz zu &#8222;Josef<\/a> (im AT) und Josef (im NT)&#8220;<\/strong> (<a href=\"https:\/\/josef-wolff.de\/wp-content\/uploads\/2017\/03\/Josef-im-AT-und-NT.doc\" target=\"_blank\" rel=\"noopener\">Stichwort-Zettel<\/a>)<\/li>\n<li><strong><a href=\"https:\/\/josef-wolff.de\/wp-content\/uploads\/2017\/03\/2017-04-02_12_11_11-Lazarus.mp3\">Predigt am 2. April zum Ruf Lazarus&#8216; aus dem Grab durch Jesus<\/a><\/strong><\/li>\n<li><a href=\"https:\/\/josef-wolff.de\/wp-content\/uploads\/2017\/03\/2017-06-25_11_13_07-Des-Kaisers-neue-Kleider.mp3\"><strong>Predigt am 25. Juni zum 12. So. A, Mt 10, 26ff. &#8211; Thema Ehrlichkeit<\/strong><br \/>2017-06-25_11_13_07 &#8211; Des Kaisers neue Kleider<\/a><\/li>\n<li><a href=\"https:\/\/josef-wolff.de\/wp-content\/uploads\/2017\/03\/2017-11-18_17_45_17-Talente.mp3\" target=\"_blank\" rel=\"noopener\">Predigt am 18. Nov. zum 32. So. A <strong>&#8211; zu Mt 25, 14ff. &#8211; Talente<\/strong><\/a><\/li>\n<li><a href=\"https:\/\/josef-wolff.de\/wp-content\/uploads\/2017\/03\/2017-11-25-Chrisk\u00f6nnisch.mp3\" target=\"_blank\" rel=\"noopener\"><strong>Pr\u00e4disch zum Christk\u00f6nisch-Sondach in Welld\u00f6rp am 25.11.<\/strong><\/a><\/li>\n<li><strong>Predigt zu Ostern 2018 &#8211; &#8222;Er sah und glaubte&#8220; (Joh 20): <\/strong><a href=\"https:\/\/josef-wolff.de\/wp-content\/uploads\/2017\/03\/2018-04-01_13_19_33-Ostern.mp3\">2018-04-01_13_19_33 Ostern<\/a><\/li>\n<li><strong>Predigt zu Wei\u00dfen Sonntag &#8211; Gedanken zur (Erst-)Kommunion:<\/strong><br \/><a href=\"https:\/\/josef-wolff.de\/wp-content\/uploads\/2017\/03\/2018-04-07_17_45_54-Herr-und-Gott.mp3\">2018-04-07_17_45_54 Herr und Gott<\/a><\/li>\n<\/ul>\n\n\n\n\n\n\n\n\n\n\n\n\n<p><\/p>\n","protected":false},"excerpt":{"rendered":"<p>&#8222;Kommt her, mir nach!&#8220; zu Mk 1, 21.1. Drej K\u00f6nije \u2013 Pr\u00e4dich op platt bej de KG Maibl\u00f6mche, 7.1.24 Predigt zum 2. Fasten-Sonntag (A) zu Gen 12 \/ Mt 17 &#8211; &#8222;Zieh weg!&#8220; &#8211; &#8222;Wir haben doch alles!?&#8220;(Stichwort-Zettel) Predigt am 19. M\u00e4rz zu &#8222;Josef (im AT) und Josef (im NT)&#8220; (Stichwort-Zettel) Predigt am 2. April &hellip; <\/p>\n<p class=\"link-more\"><a href=\"https:\/\/josef-wolff.de\/?page_id=72\" class=\"more-link\"><span class=\"screen-reader-text\">\u201ePredigt-Dienst\u201c <\/span>weiterlesen<\/a><\/p>\n","protected":false},"author":1,"featured_media":0,"parent":0,"menu_order":0,"comment_status":"closed","ping_status":"closed","template":"","meta":{"footnotes":""},"class_list":["post-72","page","type-page","status-publish","hentry"],"_links":{"self":[{"href":"https:\/\/josef-wolff.de\/index.php?rest_route=\/wp\/v2\/pages\/72","targetHints":{"allow":["GET"]}}],"collection":[{"href":"https:\/\/josef-wolff.de\/index.php?rest_route=\/wp\/v2\/pages"}],"about":[{"href":"https:\/\/josef-wolff.de\/index.php?rest_route=\/wp\/v2\/types\/page"}],"author":[{"embeddable":true,"href":"https:\/\/josef-wolff.de\/index.php?rest_route=\/wp\/v2\/users\/1"}],"replies":[{"embeddable":true,"href":"https:\/\/josef-wolff.de\/index.php?rest_route=%2Fwp%2Fv2%2Fcomments&post=72"}],"version-history":[{"count":15,"href":"https:\/\/josef-wolff.de\/index.php?rest_route=\/wp\/v2\/pages\/72\/revisions"}],"predecessor-version":[{"id":395,"href":"https:\/\/josef-wolff.de\/index.php?rest_route=\/wp\/v2\/pages\/72\/revisions\/395"}],"wp:attachment":[{"href":"https:\/\/josef-wolff.de\/index.php?rest_route=%2Fwp%2Fv2%2Fmedia&parent=72"}],"curies":[{"name":"wp","href":"https:\/\/api.w.org\/{rel}","templated":true}]}}